{"id":394,"date":"2020-06-19T10:46:43","date_gmt":"2020-06-19T08:46:43","guid":{"rendered":"https:\/\/freshcup.fr\/?page_id=394"},"modified":"2021-02-03T12:26:56","modified_gmt":"2021-02-03T11:26:56","slug":"mentions-legales","status":"publish","type":"page","link":"https:\/\/freshcup.fr\/mentions-legales\/","title":{"rendered":"Mentions l\u00e9gales"},"content":{"rendered":"<p><strong>Formalit\u00e9s de d\u00e9claration<\/strong><\/p>\n<p>Ce site a fait l\u2019objet d\u2019une d\u00e9claration de traitement automatis\u00e9 d\u2019informations nominatives ou indirectement nominatives aupr\u00e8s de la Commission Nationale de l\u2019Informatique et des Libert\u00e9s.<\/p>\n<p>N\u00b0 Siret Global Coolers : 510\u00a0156\u00a0540 00013<\/p>\n<p><strong>\u00a0<\/strong><\/p>\n<p><strong>Objet du site<\/strong><\/p>\n<p>Le pr\u00e9sent site internet a pour objet de fournir les informations sur les activit\u00e9s, les implantations, les m\u00e9tiers et les gammes de produits de la Soci\u00e9t\u00e9 Global Coolers.<\/p>\n<p><strong>\u00a0<\/strong><\/p>\n<p><strong>Droits d\u2019auteur<\/strong><\/p>\n<p>L\u2019ensemble de ce site internet est r\u00e9gi par les droits d\u2019auteur et de la propri\u00e9t\u00e9 intellectuelle de la l\u00e9gislation fran\u00e7aise et internationale. Toute reproduction ou utilisation, partielle ou totale, y compris concernant les documents t\u00e9l\u00e9chargeables et les repr\u00e9sentations iconographiques et photographiques, est strictement interdite sauf autorisation expresse.<\/p>\n<p>Aucun lien hypertexte en direction du pr\u00e9sent site ne peut \u00eatre fait sans autorisation expresse, \u00e9crite et pr\u00e9alable de la soci\u00e9t\u00e9 Global Coolers.<\/p>\n<p><strong>\u00a0<\/strong><\/p>\n<p><strong>Informations nominatives<\/strong><\/p>\n<p>Les formulaires pr\u00e9sents sur notre site nous permettent de mieux r\u00e9pondre \u00e0 vos attentes.<\/p>\n<p>Les informations recueillies ne peuvent en aucun cas \u00eatre transmise \u00e0 des tiers.<\/p>\n<p>Conform\u00e9ment \u00e0 la loi n\u00b078-17 du 6 janvier 1978, vos r\u00e9ponses sont facultatives sauf celles signal\u00e9es par un ast\u00e9risque. Global Coolers se r\u00e9serve le droit de ne pas r\u00e9pondre en cas d\u2019information insuffisante.<\/p>\n<p>Conform\u00e9ment \u00e0 la loi informatique et libert\u00e9s, vous disposez d\u2019un droit d\u2019acc\u00e8s, de modification, de rectification et de suppression des donn\u00e9es vous concernant. Pour l\u2019exercer, adressez-vous \u00e0 :<\/p>\n<p>Par courrier postal \u00e0 :<\/p>\n<p>Global Coolers SAS<\/p>\n<p>2 avenue Ambroise Croizat<\/p>\n<p>91130 RIS ORANGIS<\/p>\n<p>Par courrier \u00e9lectronique : info@freshcup.fr<\/p>\n<p><strong>\u00a0<\/strong><\/p>\n<p><strong>Confidentialit\u00e9 des courriers \u00e9lectroniques<\/strong><\/p>\n<p>Le secret des correspondances transmises par le r\u00e9seau internet ne peut en aucun cas \u00eatre garanti.<\/p>\n<p>Les courriers \u00e9lectroniques sont conserv\u00e9s sur support informatique le temps pour Global Coolers de fournir une r\u00e9ponse aux demandes.<\/p>\n<p><strong>\u00a0<\/strong><\/p>\n<p><strong>Responsabilit\u00e9<\/strong><\/p>\n<p>La soci\u00e9t\u00e9 Global Coolers s\u2019efforce d\u2019assurer l\u2019exactitude et la mise \u00e0 jour de l\u2019ensemble des \u00e9l\u00e9ments diffus\u00e9s sur le site et se r\u00e9serve le droit de modifier ou corriger \u00e0 tout moment le contenu.<\/p>\n<p>Toutefois, l\u2019exactitude, la pr\u00e9cision et l\u2019exhaustivit\u00e9 des \u00e9l\u00e9ments ne peuvent \u00eatre garanties. La soci\u00e9t\u00e9 Global Coolers ne pourra \u00eatre tenue pour responsable des impr\u00e9cisions, inexactitudes ou omissions ainsi que des dommages r\u00e9sultant d\u2019une introduction frauduleuse d\u2019un tiers ayant entra\u00een\u00e9 une modification des informations mises \u00e0 disposition sur le site.<\/p>\n<p>&nbsp;<\/p>\n","protected":false},"excerpt":{"rendered":"<p>Formalit\u00e9s de d\u00e9claration Ce site a fait l\u2019objet d\u2019une d\u00e9claration de traitement automatis\u00e9 d\u2019informations nominatives ou indirectement nominatives aupr\u00e8s de la Commission Nationale de l\u2019Informatique et des Libert\u00e9s. N\u00b0 Siret Global Coolers : 510\u00a0156\u00a0540 00013 \u00a0 Objet du site Le pr\u00e9sent site internet a pour objet de fournir les informations sur les activit\u00e9s, les implantations, [&hellip;]<\/p>\n","protected":false},"author":1,"featured_media":0,"parent":0,"menu_order":0,"comment_status":"closed","ping_status":"closed","template":"","meta":[],"yoast_head":"<!-- This site is optimized with the Yoast SEO plugin v17.8 - https:\/\/yoast.com\/wordpress\/plugins\/seo\/ -->\n<title>Mentions l\u00e9gales - FRESHCUP<\/title>\n<meta name=\"robots\" content=\"index, follow, max-snippet:-1, max-image-preview:large, max-video-preview:-1\" \/>\n<link rel=\"canonical\" href=\"https:\/\/freshcup.fr\/mentions-legales\/\" \/>\n<meta property=\"og:locale\" content=\"fr_FR\" \/>\n<meta property=\"og:type\" content=\"article\" \/>\n<meta property=\"og:title\" content=\"Mentions l\u00e9gales - FRESHCUP\" \/>\n<meta property=\"og:description\" content=\"Formalit\u00e9s de d\u00e9claration Ce site a fait l\u2019objet d\u2019une d\u00e9claration de traitement automatis\u00e9 d\u2019informations nominatives ou indirectement nominatives aupr\u00e8s de la Commission Nationale de l\u2019Informatique et des Libert\u00e9s. N\u00b0 Siret Global Coolers : 510\u00a0156\u00a0540 00013 \u00a0 Objet du site Le pr\u00e9sent site internet a pour objet de fournir les informations sur les activit\u00e9s, les implantations, [&hellip;]\" \/>\n<meta property=\"og:url\" content=\"https:\/\/freshcup.fr\/mentions-legales\/\" \/>\n<meta property=\"og:site_name\" content=\"FRESHCUP\" \/>\n<meta property=\"article:modified_time\" content=\"2021-02-03T11:26:56+00:00\" \/>\n<meta name=\"twitter:card\" content=\"summary_large_image\" \/>\n<meta name=\"twitter:label1\" content=\"Dur\u00e9e de lecture estim\u00e9e\" \/>\n\t<meta name=\"twitter:data1\" content=\"2 minutes\" \/>\n<script type=\"application\/ld+json\" class=\"yoast-schema-graph\">{\"@context\":\"https:\/\/schema.org\",\"@graph\":[{\"@type\":\"WebSite\",\"@id\":\"https:\/\/freshcup.fr\/#website\",\"url\":\"https:\/\/freshcup.fr\/\",\"name\":\"FRESHCUP\",\"description\":\"LE LAVE-VAISSELLE COMPACT\",\"potentialAction\":[{\"@type\":\"SearchAction\",\"target\":{\"@type\":\"EntryPoint\",\"urlTemplate\":\"https:\/\/freshcup.fr\/?s={search_term_string}\"},\"query-input\":\"required name=search_term_string\"}],\"inLanguage\":\"fr-FR\"},{\"@type\":\"WebPage\",\"@id\":\"https:\/\/freshcup.fr\/mentions-legales\/#webpage\",\"url\":\"https:\/\/freshcup.fr\/mentions-legales\/\",\"name\":\"Mentions l\\u00e9gales - FRESHCUP\",\"isPartOf\":{\"@id\":\"https:\/\/freshcup.fr\/#website\"},\"datePublished\":\"2020-06-19T08:46:43+00:00\",\"dateModified\":\"2021-02-03T11:26:56+00:00\",\"breadcrumb\":{\"@id\":\"https:\/\/freshcup.fr\/mentions-legales\/#breadcrumb\"},\"inLanguage\":\"fr-FR\",\"potentialAction\":[{\"@type\":\"ReadAction\",\"target\":[\"https:\/\/freshcup.fr\/mentions-legales\/\"]}]},{\"@type\":\"BreadcrumbList\",\"@id\":\"https:\/\/freshcup.fr\/mentions-legales\/#breadcrumb\",\"itemListElement\":[{\"@type\":\"ListItem\",\"position\":1,\"name\":\"Accueil\",\"item\":\"https:\/\/freshcup.fr\/\"},{\"@type\":\"ListItem\",\"position\":2,\"name\":\"Mentions l\\u00e9gales\"}]}]}<\/script>\n<!-- \/ Yoast SEO plugin. -->","yoast_head_json":{"title":"Mentions l\u00e9gales - FRESHCUP","robots":{"index":"index","follow":"follow","max-snippet":"max-snippet:-1","max-image-preview":"max-image-preview:large","max-video-preview":"max-video-preview:-1"},"canonical":"https:\/\/freshcup.fr\/mentions-legales\/","og_locale":"fr_FR","og_type":"article","og_title":"Mentions l\u00e9gales - FRESHCUP","og_description":"Formalit\u00e9s de d\u00e9claration Ce site a fait l\u2019objet d\u2019une d\u00e9claration de traitement automatis\u00e9 d\u2019informations nominatives ou indirectement nominatives aupr\u00e8s de la Commission Nationale de l\u2019Informatique et des Libert\u00e9s. N\u00b0 Siret Global Coolers : 510\u00a0156\u00a0540 00013 \u00a0 Objet du site Le pr\u00e9sent site internet a pour objet de fournir les informations sur les activit\u00e9s, les implantations, [&hellip;]","og_url":"https:\/\/freshcup.fr\/mentions-legales\/","og_site_name":"FRESHCUP","article_modified_time":"2021-02-03T11:26:56+00:00","twitter_card":"summary_large_image","twitter_misc":{"Dur\u00e9e de lecture estim\u00e9e":"2 minutes"},"schema":{"@context":"https:\/\/schema.org","@graph":[{"@type":"WebSite","@id":"https:\/\/freshcup.fr\/#website","url":"https:\/\/freshcup.fr\/","name":"FRESHCUP","description":"LE LAVE-VAISSELLE COMPACT","potentialAction":[{"@type":"SearchAction","target":{"@type":"EntryPoint","urlTemplate":"https:\/\/freshcup.fr\/?s={search_term_string}"},"query-input":"required name=search_term_string"}],"inLanguage":"fr-FR"},{"@type":"WebPage","@id":"https:\/\/freshcup.fr\/mentions-legales\/#webpage","url":"https:\/\/freshcup.fr\/mentions-legales\/","name":"Mentions l\u00e9gales - FRESHCUP","isPartOf":{"@id":"https:\/\/freshcup.fr\/#website"},"datePublished":"2020-06-19T08:46:43+00:00","dateModified":"2021-02-03T11:26:56+00:00","breadcrumb":{"@id":"https:\/\/freshcup.fr\/mentions-legales\/#breadcrumb"},"inLanguage":"fr-FR","potentialAction":[{"@type":"ReadAction","target":["https:\/\/freshcup.fr\/mentions-legales\/"]}]},{"@type":"BreadcrumbList","@id":"https:\/\/freshcup.fr\/mentions-legales\/#breadcrumb","itemListElement":[{"@type":"ListItem","position":1,"name":"Accueil","item":"https:\/\/freshcup.fr\/"},{"@type":"ListItem","position":2,"name":"Mentions l\u00e9gales"}]}]}},"_links":{"self":[{"href":"https:\/\/freshcup.fr\/wp-json\/wp\/v2\/pages\/394"}],"collection":[{"href":"https:\/\/freshcup.fr\/wp-json\/wp\/v2\/pages"}],"about":[{"href":"https:\/\/freshcup.fr\/wp-json\/wp\/v2\/types\/page"}],"author":[{"embeddable":true,"href":"https:\/\/freshcup.fr\/wp-json\/wp\/v2\/users\/1"}],"replies":[{"embeddable":true,"href":"https:\/\/freshcup.fr\/wp-json\/wp\/v2\/comments?post=394"}],"version-history":[{"count":7,"href":"https:\/\/freshcup.fr\/wp-json\/wp\/v2\/pages\/394\/revisions"}],"predecessor-version":[{"id":523,"href":"https:\/\/freshcup.fr\/wp-json\/wp\/v2\/pages\/394\/revisions\/523"}],"wp:attachment":[{"href":"https:\/\/freshcup.fr\/wp-json\/wp\/v2\/media?parent=394"}],"curies":[{"name":"wp","href":"https:\/\/api.w.org\/{rel}","templated":true}]}}