{"id":456,"date":"2020-11-25T10:12:02","date_gmt":"2020-11-25T09:12:02","guid":{"rendered":"https:\/\/freshcup.fr\/?page_id=456"},"modified":"2021-02-17T15:38:44","modified_gmt":"2021-02-17T14:38:44","slug":"contenants-reutilisables","status":"publish","type":"page","link":"https:\/\/freshcup.fr\/produit-mini-lave-vaisselle\/contenants-reutilisables\/","title":{"rendered":"Re-Feel x Freshcup\u00ae"},"content":{"rendered":"<p>La marque des contenants r\u00e9utilisables Re-Feel s&#8217;associe \u00e0 Freshcup\u00ae pour vous proposer une collection de contenants compatibles avec ce lave verre instantan\u00e9.<\/p>\n<p>&nbsp;<\/p>\n<h4>Re-Feel, qu&#8217;est-ce que c&#8217;est ?<\/h4>\n<p>Re-Feel est une marque qui rassemble diff\u00e9rentes gammes de contenants r\u00e9utilisables : tasses, mugs et gourdes.<\/p>\n<p>Parmi ces gammes, vous trouverez :<\/p>\n<figure id=\"attachment_474\" aria-describedby=\"caption-attachment-474\" style=\"width: 1381px\" class=\"wp-caption alignnone\"><img class=\"wp-image-474\" src=\"https:\/\/freshcup.fr\/wp-content\/uploads\/2020\/11\/Re-Feel_gamme-1-300x212.jpg\" alt=\"Gamme de contenants r\u00e9utilisables\" width=\"1381\" height=\"976\" srcset=\"https:\/\/freshcup.fr\/wp-content\/uploads\/2020\/11\/Re-Feel_gamme-1-300x212.jpg 300w, https:\/\/freshcup.fr\/wp-content\/uploads\/2020\/11\/Re-Feel_gamme-1-1024x724.jpg 1024w, https:\/\/freshcup.fr\/wp-content\/uploads\/2020\/11\/Re-Feel_gamme-1-768x543.jpg 768w, https:\/\/freshcup.fr\/wp-content\/uploads\/2020\/11\/Re-Feel_gamme-1-1536x1086.jpg 1536w, https:\/\/freshcup.fr\/wp-content\/uploads\/2020\/11\/Re-Feel_gamme-1-2048x1448.jpg 2048w, https:\/\/freshcup.fr\/wp-content\/uploads\/2020\/11\/Re-Feel_gamme-1-scaled.jpg 2000w\" sizes=\"(max-width: 1381px) 100vw, 1381px\" \/><figcaption id=\"caption-attachment-474\" class=\"wp-caption-text\">\u00a0<\/figcaption><\/figure>\n<p><a href=\"https:\/\/freshcup.fr\/nous-contacter\/\"><img class=\"alignnone size-medium wp-image-470 aligncenter\" src=\"https:\/\/freshcup.fr\/wp-content\/uploads\/2020\/11\/Bouton_CTA-300x74.png\" alt=\"\" width=\"300\" height=\"74\" srcset=\"https:\/\/freshcup.fr\/wp-content\/uploads\/2020\/11\/Bouton_CTA-300x74.png 300w, https:\/\/freshcup.fr\/wp-content\/uploads\/2020\/11\/Bouton_CTA.png 417w\" sizes=\"(max-width: 300px) 100vw, 300px\" \/><\/a><\/p>\n<p>&nbsp;<\/p>\n","protected":false},"excerpt":{"rendered":"<p>La marque des contenants r\u00e9utilisables Re-Feel s&#8217;associe \u00e0 Freshcup\u00ae pour vous proposer une collection de contenants compatibles avec ce lave verre instantan\u00e9. &nbsp; Re-Feel, qu&#8217;est-ce que c&#8217;est ? Re-Feel est une marque qui rassemble diff\u00e9rentes gammes de contenants r\u00e9utilisables : tasses, mugs et gourdes. Parmi ces gammes, vous trouverez : &nbsp;<\/p>\n","protected":false},"author":2,"featured_media":0,"parent":11,"menu_order":0,"comment_status":"closed","ping_status":"closed","template":"","meta":[],"yoast_head":"<!-- This site is optimized with the Yoast SEO plugin v17.8 - https:\/\/yoast.com\/wordpress\/plugins\/seo\/ -->\n<title>Re-Feel x Freshcup\u00ae - FRESHCUP<\/title>\n<meta name=\"robots\" content=\"index, follow, max-snippet:-1, max-image-preview:large, max-video-preview:-1\" \/>\n<link rel=\"canonical\" href=\"https:\/\/freshcup.fr\/produit-mini-lave-vaisselle\/contenants-reutilisables\/\" \/>\n<meta property=\"og:locale\" content=\"fr_FR\" \/>\n<meta property=\"og:type\" content=\"article\" \/>\n<meta property=\"og:title\" content=\"Re-Feel x Freshcup\u00ae - FRESHCUP\" \/>\n<meta property=\"og:description\" content=\"La marque des contenants r\u00e9utilisables Re-Feel s&#8217;associe \u00e0 Freshcup\u00ae pour vous proposer une collection de contenants compatibles avec ce lave verre instantan\u00e9. &nbsp; Re-Feel, qu&#8217;est-ce que c&#8217;est ? Re-Feel est une marque qui rassemble diff\u00e9rentes gammes de contenants r\u00e9utilisables : tasses, mugs et gourdes. Parmi ces gammes, vous trouverez : &nbsp;\" \/>\n<meta property=\"og:url\" content=\"https:\/\/freshcup.fr\/produit-mini-lave-vaisselle\/contenants-reutilisables\/\" \/>\n<meta property=\"og:site_name\" content=\"FRESHCUP\" \/>\n<meta property=\"article:modified_time\" content=\"2021-02-17T14:38:44+00:00\" \/>\n<meta property=\"og:image\" content=\"https:\/\/freshcup.fr\/wp-content\/uploads\/2020\/11\/Re-Feel_gamme-1-300x212.jpg\" \/>\n<meta name=\"twitter:card\" content=\"summary_large_image\" \/>\n<script type=\"application\/ld+json\" class=\"yoast-schema-graph\">{\"@context\":\"https:\/\/schema.org\",\"@graph\":[{\"@type\":\"WebSite\",\"@id\":\"https:\/\/freshcup.fr\/#website\",\"url\":\"https:\/\/freshcup.fr\/\",\"name\":\"FRESHCUP\",\"description\":\"LE LAVE-VAISSELLE COMPACT\",\"potentialAction\":[{\"@type\":\"SearchAction\",\"target\":{\"@type\":\"EntryPoint\",\"urlTemplate\":\"https:\/\/freshcup.fr\/?s={search_term_string}\"},\"query-input\":\"required name=search_term_string\"}],\"inLanguage\":\"fr-FR\"},{\"@type\":\"ImageObject\",\"@id\":\"https:\/\/freshcup.fr\/produit-mini-lave-vaisselle\/contenants-reutilisables\/#primaryimage\",\"inLanguage\":\"fr-FR\",\"url\":\"https:\/\/freshcup.fr\/wp-content\/uploads\/2020\/11\/Re-Feel_gamme-1-300x212.jpg\",\"contentUrl\":\"https:\/\/freshcup.fr\/wp-content\/uploads\/2020\/11\/Re-Feel_gamme-1-300x212.jpg\"},{\"@type\":\"WebPage\",\"@id\":\"https:\/\/freshcup.fr\/produit-mini-lave-vaisselle\/contenants-reutilisables\/#webpage\",\"url\":\"https:\/\/freshcup.fr\/produit-mini-lave-vaisselle\/contenants-reutilisables\/\",\"name\":\"Re-Feel x Freshcup\\u00ae - FRESHCUP\",\"isPartOf\":{\"@id\":\"https:\/\/freshcup.fr\/#website\"},\"primaryImageOfPage\":{\"@id\":\"https:\/\/freshcup.fr\/produit-mini-lave-vaisselle\/contenants-reutilisables\/#primaryimage\"},\"datePublished\":\"2020-11-25T09:12:02+00:00\",\"dateModified\":\"2021-02-17T14:38:44+00:00\",\"breadcrumb\":{\"@id\":\"https:\/\/freshcup.fr\/produit-mini-lave-vaisselle\/contenants-reutilisables\/#breadcrumb\"},\"inLanguage\":\"fr-FR\",\"potentialAction\":[{\"@type\":\"ReadAction\",\"target\":[\"https:\/\/freshcup.fr\/produit-mini-lave-vaisselle\/contenants-reutilisables\/\"]}]},{\"@type\":\"BreadcrumbList\",\"@id\":\"https:\/\/freshcup.fr\/produit-mini-lave-vaisselle\/contenants-reutilisables\/#breadcrumb\",\"itemListElement\":[{\"@type\":\"ListItem\",\"position\":1,\"name\":\"Accueil\",\"item\":\"https:\/\/freshcup.fr\/\"},{\"@type\":\"ListItem\",\"position\":2,\"name\":\"Produit\",\"item\":\"https:\/\/freshcup.fr\/produit-mini-lave-vaisselle\/\"},{\"@type\":\"ListItem\",\"position\":3,\"name\":\"Re-Feel x Freshcup\\u00ae\"}]}]}<\/script>\n<!-- \/ Yoast SEO plugin. -->","yoast_head_json":{"title":"Re-Feel x Freshcup\u00ae - FRESHCUP","robots":{"index":"index","follow":"follow","max-snippet":"max-snippet:-1","max-image-preview":"max-image-preview:large","max-video-preview":"max-video-preview:-1"},"canonical":"https:\/\/freshcup.fr\/produit-mini-lave-vaisselle\/contenants-reutilisables\/","og_locale":"fr_FR","og_type":"article","og_title":"Re-Feel x Freshcup\u00ae - FRESHCUP","og_description":"La marque des contenants r\u00e9utilisables Re-Feel s&#8217;associe \u00e0 Freshcup\u00ae pour vous proposer une collection de contenants compatibles avec ce lave verre instantan\u00e9. &nbsp; Re-Feel, qu&#8217;est-ce que c&#8217;est ? Re-Feel est une marque qui rassemble diff\u00e9rentes gammes de contenants r\u00e9utilisables : tasses, mugs et gourdes. Parmi ces gammes, vous trouverez : &nbsp;","og_url":"https:\/\/freshcup.fr\/produit-mini-lave-vaisselle\/contenants-reutilisables\/","og_site_name":"FRESHCUP","article_modified_time":"2021-02-17T14:38:44+00:00","og_image":[{"url":"https:\/\/freshcup.fr\/wp-content\/uploads\/2020\/11\/Re-Feel_gamme-1-300x212.jpg"}],"twitter_card":"summary_large_image","schema":{"@context":"https:\/\/schema.org","@graph":[{"@type":"WebSite","@id":"https:\/\/freshcup.fr\/#website","url":"https:\/\/freshcup.fr\/","name":"FRESHCUP","description":"LE LAVE-VAISSELLE COMPACT","potentialAction":[{"@type":"SearchAction","target":{"@type":"EntryPoint","urlTemplate":"https:\/\/freshcup.fr\/?s={search_term_string}"},"query-input":"required name=search_term_string"}],"inLanguage":"fr-FR"},{"@type":"ImageObject","@id":"https:\/\/freshcup.fr\/produit-mini-lave-vaisselle\/contenants-reutilisables\/#primaryimage","inLanguage":"fr-FR","url":"https:\/\/freshcup.fr\/wp-content\/uploads\/2020\/11\/Re-Feel_gamme-1-300x212.jpg","contentUrl":"https:\/\/freshcup.fr\/wp-content\/uploads\/2020\/11\/Re-Feel_gamme-1-300x212.jpg"},{"@type":"WebPage","@id":"https:\/\/freshcup.fr\/produit-mini-lave-vaisselle\/contenants-reutilisables\/#webpage","url":"https:\/\/freshcup.fr\/produit-mini-lave-vaisselle\/contenants-reutilisables\/","name":"Re-Feel x Freshcup\u00ae - FRESHCUP","isPartOf":{"@id":"https:\/\/freshcup.fr\/#website"},"primaryImageOfPage":{"@id":"https:\/\/freshcup.fr\/produit-mini-lave-vaisselle\/contenants-reutilisables\/#primaryimage"},"datePublished":"2020-11-25T09:12:02+00:00","dateModified":"2021-02-17T14:38:44+00:00","breadcrumb":{"@id":"https:\/\/freshcup.fr\/produit-mini-lave-vaisselle\/contenants-reutilisables\/#breadcrumb"},"inLanguage":"fr-FR","potentialAction":[{"@type":"ReadAction","target":["https:\/\/freshcup.fr\/produit-mini-lave-vaisselle\/contenants-reutilisables\/"]}]},{"@type":"BreadcrumbList","@id":"https:\/\/freshcup.fr\/produit-mini-lave-vaisselle\/contenants-reutilisables\/#breadcrumb","itemListElement":[{"@type":"ListItem","position":1,"name":"Accueil","item":"https:\/\/freshcup.fr\/"},{"@type":"ListItem","position":2,"name":"Produit","item":"https:\/\/freshcup.fr\/produit-mini-lave-vaisselle\/"},{"@type":"ListItem","position":3,"name":"Re-Feel x Freshcup\u00ae"}]}]}},"_links":{"self":[{"href":"https:\/\/freshcup.fr\/wp-json\/wp\/v2\/pages\/456"}],"collection":[{"href":"https:\/\/freshcup.fr\/wp-json\/wp\/v2\/pages"}],"about":[{"href":"https:\/\/freshcup.fr\/wp-json\/wp\/v2\/types\/page"}],"author":[{"embeddable":true,"href":"https:\/\/freshcup.fr\/wp-json\/wp\/v2\/users\/2"}],"replies":[{"embeddable":true,"href":"https:\/\/freshcup.fr\/wp-json\/wp\/v2\/comments?post=456"}],"version-history":[{"count":10,"href":"https:\/\/freshcup.fr\/wp-json\/wp\/v2\/pages\/456\/revisions"}],"predecessor-version":[{"id":475,"href":"https:\/\/freshcup.fr\/wp-json\/wp\/v2\/pages\/456\/revisions\/475"}],"up":[{"embeddable":true,"href":"https:\/\/freshcup.fr\/wp-json\/wp\/v2\/pages\/11"}],"wp:attachment":[{"href":"https:\/\/freshcup.fr\/wp-json\/wp\/v2\/media?parent=456"}],"curies":[{"name":"wp","href":"https:\/\/api.w.org\/{rel}","templated":true}]}}